{"id":67,"date":"2015-08-06T12:57:42","date_gmt":"2015-08-06T10:57:42","guid":{"rendered":"http:\/\/web162.login-13.loginserver.ch\/?page_id=67"},"modified":"2022-09-07T14:14:27","modified_gmt":"2022-09-07T12:14:27","slug":"servizi","status":"publish","type":"page","link":"https:\/\/hairwellness.ch\/index.php\/servizi\/","title":{"rendered":"Servizi"},"content":{"rendered":"<p><a href=\"https:\/\/hairwellness.ch\/wp-content\/uploads\/2022\/09\/85169F56-A5E6-449C-A585-A070BA31E73D.jpeg\" rel=\"prettyPhoto[67]\"><div class=\"ale-service dark cf\"><div class=\"iconbox\"><img decoding=\"async\" src=\"https:\/\/hairwellness.ch\/wp-content\/uploads\/2015\/08\/hair.png\" \/><\/div><div class=\"servicetitle\">Hair<\/div><div class=\"servicedescription\">Lavoro con i prodotti Glynt e Newsha. La loro Swiss Formula basa su ingredienti curanti e genuini. Per questo sono anche adatti a cuti e capelli sensibili. Dallo shampoo alla tinta \u00e8 tutto personalizzabile\u00a0in base alle esigenze di ognuno. Venite e lasciatevi\u00a0consigliare il trattamento adatto per voi.<\/div><\/div><\/a><\/p>\n<div class=\"ale-service light cf\"><div class=\"iconbox\"><img decoding=\"async\" src=\"https:\/\/hairwellness.ch\/wp-content\/uploads\/2015\/08\/makeup.png\" \/><\/div><div class=\"servicetitle\">Make-Up<\/div><div class=\"servicedescription\">Lo slogan di Malu Wilz \u00e8 \u201ebellezza sentita\u201c ed \u00e8 quanto si raggiunge con questi trucchi di ottima qualit\u00e0. Dal trucco giornaliero a quello di gala tutto \u00e8 possibile. Venite e fatevi consigliare il trucco adatto a voi.<\/div><\/div>\n<div class=\"ale-service dark cf\"><div class=\"iconbox\"><img decoding=\"async\" src=\"https:\/\/hairwellness.ch\/wp-content\/uploads\/2015\/08\/wellness.png\" \/><\/div><div class=\"servicetitle\">Wellness<\/div><div class=\"servicedescription\">Per staccare dalla vita giornaliere HairWellness \u00e8 equipaggiata con una piccola SPA. Questa \u00e8 dotata di una sauna, bagno turco ed una zona relax. \u00c8 accessibile su prenotazione. Per informazioni sono a vostra disposizione.<\/div><\/div>\n<div class=\"ale-service light cf\"><div class=\"iconbox\"><img decoding=\"async\" src=\"https:\/\/hairwellness.ch\/wp-content\/uploads\/2015\/08\/specials.png\" \/><\/div><div class=\"servicetitle\">Specials<\/div><div class=\"servicedescription\">Tra le mie grandi passioni ci sono i fotoshooting! Realizzati con tanto amore dimostrano che le pettinature e trucchi hanno tante sfaccettature. Evidenziano che si riesce a trovare lo \u00abstyling\u00bb ideale per chiunque.<\/div><\/div>\n","protected":false},"excerpt":{"rendered":"","protected":false},"author":4,"featured_media":0,"parent":0,"menu_order":0,"comment_status":"open","ping_status":"open","template":"","meta":{"footnotes":""},"class_list":["post-67","page","type-page","status-publish","hentry"],"_links":{"self":[{"href":"https:\/\/hairwellness.ch\/index.php\/wp-json\/wp\/v2\/pages\/67","targetHints":{"allow":["GET"]}}],"collection":[{"href":"https:\/\/hairwellness.ch\/index.php\/wp-json\/wp\/v2\/pages"}],"about":[{"href":"https:\/\/hairwellness.ch\/index.php\/wp-json\/wp\/v2\/types\/page"}],"author":[{"embeddable":true,"href":"https:\/\/hairwellness.ch\/index.php\/wp-json\/wp\/v2\/users\/4"}],"replies":[{"embeddable":true,"href":"https:\/\/hairwellness.ch\/index.php\/wp-json\/wp\/v2\/comments?post=67"}],"version-history":[{"count":16,"href":"https:\/\/hairwellness.ch\/index.php\/wp-json\/wp\/v2\/pages\/67\/revisions"}],"predecessor-version":[{"id":406,"href":"https:\/\/hairwellness.ch\/index.php\/wp-json\/wp\/v2\/pages\/67\/revisions\/406"}],"wp:attachment":[{"href":"https:\/\/hairwellness.ch\/index.php\/wp-json\/wp\/v2\/media?parent=67"}],"curies":[{"name":"wp","href":"https:\/\/api.w.org\/{rel}","templated":true}]}}